{"id":616,"date":"2024-06-12T10:13:36","date_gmt":"2024-06-12T08:13:36","guid":{"rendered":"https:\/\/biobarranc.com\/contacte\/"},"modified":"2026-03-23T10:56:58","modified_gmt":"2026-03-23T09:56:58","slug":"contacte","status":"publish","type":"page","link":"https:\/\/biobarranc.com\/ca\/contacte\/","title":{"rendered":"Contacte"},"content":{"rendered":"\t\t<div data-elementor-type=\"wp-page\" data-elementor-id=\"616\" class=\"elementor elementor-616 elementor-19\" data-elementor-post-type=\"page\">\n\t\t\t\t<div class=\"elementor-element elementor-element-e820f47 e-flex e-con-boxed e-con e-parent\" data-id=\"e820f47\" data-element_type=\"container\" data-e-type=\"container\">\n\t\t\t\t\t<div class=\"e-con-inner\">\n\t\t\t\t<div class=\"elementor-element elementor-element-15bd7b3 elementor-widget elementor-widget-heading\" data-id=\"15bd7b3\" data-element_type=\"widget\" data-e-type=\"widget\" data-widget_type=\"heading.default\">\n\t\t\t\t<div class=\"elementor-widget-container\">\n\t\t\t\t\t<h2 class=\"elementor-heading-title elementor-size-default\">Contacte<\/h2>\t\t\t\t<\/div>\n\t\t\t\t<\/div>\n\t\t\t\t\t<\/div>\n\t\t\t\t<\/div>\n\t\t<div class=\"elementor-element elementor-element-3a73b88 e-flex e-con-boxed e-con e-parent\" data-id=\"3a73b88\" data-element_type=\"container\" data-e-type=\"container\">\n\t\t\t\t\t<div class=\"e-con-inner\">\n\t\t<div class=\"elementor-element elementor-element-18c167d e-con-full e-flex e-con e-child\" data-id=\"18c167d\" data-element_type=\"container\" data-e-type=\"container\">\n\t\t\t\t<div class=\"elementor-element elementor-element-8bf4cd5 elementor-widget elementor-widget-video\" data-id=\"8bf4cd5\" data-element_type=\"widget\" data-e-type=\"widget\" data-settings=\"{&quot;video_type&quot;:&quot;hosted&quot;,&quot;autoplay&quot;:&quot;yes&quot;,&quot;loop&quot;:&quot;yes&quot;}\" data-widget_type=\"video.default\">\n\t\t\t\t<div class=\"elementor-widget-container\">\n\t\t\t\t\t\t\t<div class=\"e-hosted-video elementor-wrapper elementor-open-inline\">\n\t\t\t\t\t<video class=\"elementor-video\" src=\"https:\/\/biobarranc.com\/wp-content\/uploads\/2024\/06\/manzanas.mp4\" autoplay=\"\" loop=\"\" controlsList=\"nodownload\"><\/video>\n\t\t\t\t<\/div>\n\t\t\t\t\t\t<\/div>\n\t\t\t\t<\/div>\n\t\t\t\t<\/div>\n\t\t<div class=\"elementor-element elementor-element-83f7c62 e-con-full e-flex e-con e-child\" data-id=\"83f7c62\" data-element_type=\"container\" data-e-type=\"container\">\n\t\t<div class=\"elementor-element elementor-element-a835854 e-flex e-con-boxed e-con e-child\" data-id=\"a835854\" data-element_type=\"container\" data-e-type=\"container\">\n\t\t\t\t\t<div class=\"e-con-inner\">\n\t\t<div class=\"elementor-element elementor-element-f4f663b e-flex e-con-boxed e-con e-child\" data-id=\"f4f663b\" data-element_type=\"container\" data-e-type=\"container\">\n\t\t\t\t\t<div class=\"e-con-inner\">\n\t\t\t\t<div class=\"elementor-element elementor-element-ee81d36 elementor-view-default elementor-position-block-start elementor-mobile-position-block-start elementor-widget elementor-widget-icon-box\" data-id=\"ee81d36\" data-element_type=\"widget\" data-e-type=\"widget\" data-widget_type=\"icon-box.default\">\n\t\t\t\t<div class=\"elementor-widget-container\">\n\t\t\t\t\t\t\t<div class=\"elementor-icon-box-wrapper\">\n\n\t\t\t\t\t\t<div class=\"elementor-icon-box-icon\">\n\t\t\t\t<span  class=\"elementor-icon\">\n\t\t\t\t<svg aria-hidden=\"true\" class=\"e-font-icon-svg e-far-envelope\" viewBox=\"0 0 512 512\" xmlns=\"http:\/\/www.w3.org\/2000\/svg\"><path d=\"M464 64H48C21.49 64 0 85.49 0 112v288c0 26.51 21.49 48 48 48h416c26.51 0 48-21.49 48-48V112c0-26.51-21.49-48-48-48zm0 48v40.805c-22.422 18.259-58.168 46.651-134.587 106.49-16.841 13.247-50.201 45.072-73.413 44.701-23.208.375-56.579-31.459-73.413-44.701C106.18 199.465 70.425 171.067 48 152.805V112h416zM48 400V214.398c22.914 18.251 55.409 43.862 104.938 82.646 21.857 17.205 60.134 55.186 103.062 54.955 42.717.231 80.509-37.199 103.053-54.947 49.528-38.783 82.032-64.401 104.947-82.653V400H48z\"><\/path><\/svg>\t\t\t\t<\/span>\n\t\t\t<\/div>\n\t\t\t\n\t\t\t\t\t\t<div class=\"elementor-icon-box-content\">\n\n\t\t\t\t\n\t\t\t\t\t\t\t\t\t<p class=\"elementor-icon-box-description\">\n\t\t\t\t\t\tinfo@biobarranc.com\t\t\t\t\t<\/p>\n\t\t\t\t\n\t\t\t<\/div>\n\t\t\t\n\t\t<\/div>\n\t\t\t\t\t\t<\/div>\n\t\t\t\t<\/div>\n\t\t\t\t\t<\/div>\n\t\t\t\t<\/div>\n\t\t<div class=\"elementor-element elementor-element-fa51dfc e-flex e-con-boxed e-con e-child\" data-id=\"fa51dfc\" data-element_type=\"container\" data-e-type=\"container\">\n\t\t\t\t\t<div class=\"e-con-inner\">\n\t\t\t\t<div class=\"elementor-element elementor-element-3447f84 elementor-view-default elementor-position-block-start elementor-mobile-position-block-start elementor-widget elementor-widget-icon-box\" data-id=\"3447f84\" data-element_type=\"widget\" data-e-type=\"widget\" data-widget_type=\"icon-box.default\">\n\t\t\t\t<div class=\"elementor-widget-container\">\n\t\t\t\t\t\t\t<div class=\"elementor-icon-box-wrapper\">\n\n\t\t\t\t\t\t<div class=\"elementor-icon-box-icon\">\n\t\t\t\t<span  class=\"elementor-icon\">\n\t\t\t\t<svg aria-hidden=\"true\" class=\"e-font-icon-svg e-fas-phone-alt\" viewBox=\"0 0 512 512\" xmlns=\"http:\/\/www.w3.org\/2000\/svg\"><path d=\"M497.39 361.8l-112-48a24 24 0 0 0-28 6.9l-49.6 60.6A370.66 370.66 0 0 1 130.6 204.11l60.6-49.6a23.94 23.94 0 0 0 6.9-28l-48-112A24.16 24.16 0 0 0 122.6.61l-104 24A24 24 0 0 0 0 48c0 256.5 207.9 464 464 464a24 24 0 0 0 23.4-18.6l24-104a24.29 24.29 0 0 0-14.01-27.6z\"><\/path><\/svg>\t\t\t\t<\/span>\n\t\t\t<\/div>\n\t\t\t\n\t\t\t\t\t\t<div class=\"elementor-icon-box-content\">\n\n\t\t\t\t\n\t\t\t\t\t\t\t\t\t<p class=\"elementor-icon-box-description\">\n\t\t\t\t\t\t628 906 343\t\t\t\t\t<\/p>\n\t\t\t\t\n\t\t\t<\/div>\n\t\t\t\n\t\t<\/div>\n\t\t\t\t\t\t<\/div>\n\t\t\t\t<\/div>\n\t\t\t\t\t<\/div>\n\t\t\t\t<\/div>\n\t\t\t\t\t<\/div>\n\t\t\t\t<\/div>\n\t\t\t\t<div class=\"elementor-element elementor-element-b72a42f elementor-button-align-stretch elementor-widget elementor-widget-form\" data-id=\"b72a42f\" data-element_type=\"widget\" data-e-type=\"widget\" data-settings=\"{&quot;step_next_label&quot;:&quot;Seg\\u00fcent&quot;,&quot;step_previous_label&quot;:&quot;Anterior&quot;,&quot;button_width&quot;:&quot;100&quot;,&quot;step_type&quot;:&quot;number_text&quot;,&quot;step_icon_shape&quot;:&quot;circle&quot;}\" data-widget_type=\"form.default\">\n\t\t\t\t<div class=\"elementor-widget-container\">\n\t\t\t\t\t\t\t<form class=\"elementor-form\" method=\"post\" name=\"Nou formulari\">\n\t\t\t<input type=\"hidden\" name=\"post_id\" value=\"616\"\/>\n\t\t\t<input type=\"hidden\" name=\"form_id\" value=\"b72a42f\"\/>\n\t\t\t<input type=\"hidden\" name=\"referer_title\" value=\"biobarranc.com\" \/>\n\n\t\t\t\n\t\t\t<div class=\"elementor-form-fields-wrapper elementor-labels-\">\n\t\t\t\t\t\t\t\t<div class=\"elementor-field-type-text elementor-field-group elementor-column elementor-field-group-name elementor-col-100\">\n\t\t\t\t\t\t\t\t\t\t\t\t<label for=\"form-field-name\" class=\"elementor-field-label elementor-screen-only\">\n\t\t\t\t\t\t\t\tNom\t\t\t\t\t\t\t<\/label>\n\t\t\t\t\t\t\t\t\t\t\t\t\t\t<input size=\"1\" type=\"text\" name=\"form_fields[name]\" id=\"form-field-name\" class=\"elementor-field elementor-size-sm  elementor-field-textual\" placeholder=\"Nom\">\n\t\t\t\t\t\t\t\t\t\t\t<\/div>\n\t\t\t\t\t\t\t\t<div class=\"elementor-field-type-text elementor-field-group elementor-column elementor-field-group-Telefono elementor-col-100\">\n\t\t\t\t\t\t\t\t\t\t\t\t<label for=\"form-field-Telefono\" class=\"elementor-field-label elementor-screen-only\">\n\t\t\t\t\t\t\t\tTel\t\t\t\t\t\t\t<\/label>\n\t\t\t\t\t\t\t\t\t\t\t\t\t\t<input size=\"1\" type=\"text\" name=\"form_fields[Telefono]\" id=\"form-field-Telefono\" class=\"elementor-field elementor-size-sm  elementor-field-textual\" placeholder=\"Tel\u00e8fon\">\n\t\t\t\t\t\t\t\t\t\t\t<\/div>\n\t\t\t\t\t\t\t\t<div class=\"elementor-field-type-email elementor-field-group elementor-column elementor-field-group-email elementor-col-100 elementor-field-required\">\n\t\t\t\t\t\t\t\t\t\t\t\t<label for=\"form-field-email\" class=\"elementor-field-label elementor-screen-only\">\n\t\t\t\t\t\t\t\tCorreu electr\u00f2nic\t\t\t\t\t\t\t<\/label>\n\t\t\t\t\t\t\t\t\t\t\t\t\t\t<input size=\"1\" type=\"email\" name=\"form_fields[email]\" id=\"form-field-email\" class=\"elementor-field elementor-size-sm  elementor-field-textual\" placeholder=\"Correu electr\u00f2nic\" required=\"required\">\n\t\t\t\t\t\t\t\t\t\t\t<\/div>\n\t\t\t\t\t\t\t\t<div class=\"elementor-field-type-textarea elementor-field-group elementor-column elementor-field-group-message elementor-col-100\">\n\t\t\t\t\t\t\t\t\t\t\t\t<label for=\"form-field-message\" class=\"elementor-field-label elementor-screen-only\">\n\t\t\t\t\t\t\t\tMissatge\t\t\t\t\t\t\t<\/label>\n\t\t\t\t\t\t<textarea class=\"elementor-field-textual elementor-field  elementor-size-sm\" name=\"form_fields[message]\" id=\"form-field-message\" rows=\"4\" placeholder=\"Missatge\"><\/textarea>\t\t\t\t<\/div>\n\t\t\t\t\t\t\t\t<div class=\"elementor-field-group elementor-column elementor-field-type-submit elementor-col-100 e-form__buttons\">\n\t\t\t\t\t<button class=\"elementor-button elementor-size-sm\" type=\"submit\">\n\t\t\t\t\t\t<span class=\"elementor-button-content-wrapper\">\n\t\t\t\t\t\t\t\t\t\t\t\t\t\t\t\t\t\t\t\t\t\t<span class=\"elementor-button-text\">Enviar<\/span>\n\t\t\t\t\t\t\t\t\t\t\t\t\t<\/span>\n\t\t\t\t\t<\/button>\n\t\t\t\t<\/div>\n\t\t\t<\/div>\n\t\t<\/form>\n\t\t\t\t\t\t<\/div>\n\t\t\t\t<\/div>\n\t\t\t\t<\/div>\n\t\t\t\t\t<\/div>\n\t\t\t\t<\/div>\n\t\t<div class=\"elementor-element elementor-element-61515bb e-flex e-con-boxed e-con e-parent\" data-id=\"61515bb\" data-element_type=\"container\" data-e-type=\"container\">\n\t\t\t\t\t<div class=\"e-con-inner\">\n\t\t\t\t<div class=\"elementor-element elementor-element-0c8202c elementor-widget elementor-widget-text-editor\" data-id=\"0c8202c\" data-element_type=\"widget\" data-e-type=\"widget\" data-widget_type=\"text-editor.default\">\n\t\t\t\t<div class=\"elementor-widget-container\">\n\t\t\t\t\t\t\t\t\t<p>PROGRAMA KIT DIGITAL COFINAN\u00c7AT PELS FONS NEXT GENERATION EU DEL MECANISME DE RECUPERACI\u00d3 I RESILI\u00c8NCIA<\/p>\t\t\t\t\t\t\t\t<\/div>\n\t\t\t\t<\/div>\n\t\t\t\t\t<\/div>\n\t\t\t\t<\/div>\n\t\t<div class=\"elementor-element elementor-element-df6a10a e-flex e-con-boxed e-con e-parent\" data-id=\"df6a10a\" data-element_type=\"container\" data-e-type=\"container\">\n\t\t\t\t\t<div class=\"e-con-inner\">\n\t\t<div class=\"elementor-element elementor-element-874b0bb e-con-full e-flex e-con e-child\" data-id=\"874b0bb\" data-element_type=\"container\" data-e-type=\"container\">\n\t\t\t\t<div class=\"elementor-element elementor-element-e1147f7 elementor-widget elementor-widget-image\" data-id=\"e1147f7\" data-element_type=\"widget\" data-e-type=\"widget\" data-widget_type=\"image.default\">\n\t\t\t\t<div class=\"elementor-widget-container\">\n\t\t\t\t\t\t\t\t\t\t\t\t\t\t\t<img decoding=\"async\" width=\"200\" height=\"100\" src=\"https:\/\/biobarranc.com\/wp-content\/uploads\/2024\/06\/PTR.png\" class=\"attachment-large size-large wp-image-614\" alt=\"\" \/>\t\t\t\t\t\t\t\t\t\t\t\t\t\t\t<\/div>\n\t\t\t\t<\/div>\n\t\t\t\t<\/div>\n\t\t<div class=\"elementor-element elementor-element-4f7ff25 e-con-full e-flex e-con e-child\" data-id=\"4f7ff25\" data-element_type=\"container\" data-e-type=\"container\">\n\t\t\t\t<div class=\"elementor-element elementor-element-a6f7981 elementor-widget elementor-widget-image\" data-id=\"a6f7981\" data-element_type=\"widget\" data-e-type=\"widget\" data-widget_type=\"image.default\">\n\t\t\t\t<div class=\"elementor-widget-container\">\n\t\t\t\t\t\t\t\t\t\t\t\t\t\t\t<img decoding=\"async\" width=\"351\" height=\"80\" src=\"https:\/\/biobarranc.com\/wp-content\/uploads\/2024\/06\/FinanciadoUE.png\" class=\"attachment-large size-large wp-image-615\" alt=\"\" srcset=\"https:\/\/biobarranc.com\/wp-content\/uploads\/2024\/06\/FinanciadoUE.png 351w, https:\/\/biobarranc.com\/wp-content\/uploads\/2024\/06\/FinanciadoUE-300x68.png 300w\" sizes=\"(max-width: 351px) 100vw, 351px\" \/>\t\t\t\t\t\t\t\t\t\t\t\t\t\t\t<\/div>\n\t\t\t\t<\/div>\n\t\t\t\t<\/div>\n\t\t<div class=\"elementor-element elementor-element-2ac9f18 e-con-full e-flex e-con e-child\" data-id=\"2ac9f18\" data-element_type=\"container\" data-e-type=\"container\">\n\t\t\t\t<div class=\"elementor-element elementor-element-89311c0 elementor-widget elementor-widget-text-editor\" data-id=\"89311c0\" data-element_type=\"widget\" data-e-type=\"widget\" data-widget_type=\"text-editor.default\">\n\t\t\t\t<div class=\"elementor-widget-container\">\n\t\t\t\t\t\t\t\t\t<p>Finan\u00e7at per la Uni\u00f3 Europea \u2013 NextGenerationEU<\/p>\t\t\t\t\t\t\t\t<\/div>\n\t\t\t\t<\/div>\n\t\t\t\t<\/div>\n\t\t\t\t\t<\/div>\n\t\t\t\t<\/div>\n\t\t\t\t<\/div>\n\t\t","protected":false},"excerpt":{"rendered":"<p>Contacte https:\/\/biobarranc.com\/wp-content\/uploads\/2024\/06\/manzanas.mp4 info@biobarranc.com 628 906 343 PROGRAMA KIT DIGITAL COFINAN\u00c7AT PELS FONS NEXT GENERATION EU DEL MECANISME DE RECUPERACI\u00d3 I RESILI\u00c8NCIA Finan\u00e7at per la Uni\u00f3 Europea \u2013 NextGenerationEU<\/p>\n","protected":false},"author":1,"featured_media":0,"parent":0,"menu_order":0,"comment_status":"closed","ping_status":"closed","template":"","meta":{"footnotes":""},"class_list":["post-616","page","type-page","status-publish","hentry"],"yoast_head":"<!-- This site is optimized with the Yoast SEO plugin v27.4 - https:\/\/yoast.com\/product\/yoast-seo-wordpress\/ -->\n<title>Contacte - biobarranc.com<\/title>\n<meta name=\"robots\" content=\"index, follow, max-snippet:-1, max-image-preview:large, max-video-preview:-1\" \/>\n<link rel=\"canonical\" href=\"https:\/\/biobarranc.com\/ca\/contacte\/\" \/>\n<meta property=\"og:locale\" content=\"ca_ES\" \/>\n<meta property=\"og:type\" content=\"article\" \/>\n<meta property=\"og:title\" content=\"Contacte - biobarranc.com\" \/>\n<meta property=\"og:description\" content=\"Contacte https:\/\/biobarranc.com\/wp-content\/uploads\/2024\/06\/manzanas.mp4 info@biobarranc.com 628 906 343 PROGRAMA KIT DIGITAL COFINAN\u00c7AT PELS FONS NEXT GENERATION EU DEL MECANISME DE RECUPERACI\u00d3 I RESILI\u00c8NCIA Finan\u00e7at per la Uni\u00f3 Europea \u2013 NextGenerationEU\" \/>\n<meta property=\"og:url\" content=\"https:\/\/biobarranc.com\/ca\/contacte\/\" \/>\n<meta property=\"og:site_name\" content=\"biobarranc.com\" \/>\n<meta property=\"article:modified_time\" content=\"2026-03-23T09:56:58+00:00\" \/>\n<meta property=\"og:image\" content=\"https:\/\/biobarranc.com\/wp-content\/uploads\/2024\/06\/PTR.png\" \/>\n\t<meta property=\"og:image:width\" content=\"200\" \/>\n\t<meta property=\"og:image:height\" content=\"100\" \/>\n\t<meta property=\"og:image:type\" content=\"image\/png\" \/>\n<meta name=\"twitter:card\" content=\"summary_large_image\" \/>\n<script type=\"application\/ld+json\" class=\"yoast-schema-graph\">{\"@context\":\"https:\\\/\\\/schema.org\",\"@graph\":[{\"@type\":\"WebPage\",\"@id\":\"https:\\\/\\\/biobarranc.com\\\/ca\\\/contacte\\\/\",\"url\":\"https:\\\/\\\/biobarranc.com\\\/ca\\\/contacte\\\/\",\"name\":\"Contacte - biobarranc.com\",\"isPartOf\":{\"@id\":\"https:\\\/\\\/biobarranc.com\\\/ca\\\/#website\"},\"primaryImageOfPage\":{\"@id\":\"https:\\\/\\\/biobarranc.com\\\/ca\\\/contacte\\\/#primaryimage\"},\"image\":{\"@id\":\"https:\\\/\\\/biobarranc.com\\\/ca\\\/contacte\\\/#primaryimage\"},\"thumbnailUrl\":\"https:\\\/\\\/biobarranc.com\\\/wp-content\\\/uploads\\\/2024\\\/06\\\/PTR.png\",\"datePublished\":\"2024-06-12T08:13:36+00:00\",\"dateModified\":\"2026-03-23T09:56:58+00:00\",\"breadcrumb\":{\"@id\":\"https:\\\/\\\/biobarranc.com\\\/ca\\\/contacte\\\/#breadcrumb\"},\"inLanguage\":\"ca\",\"potentialAction\":[{\"@type\":\"ReadAction\",\"target\":[\"https:\\\/\\\/biobarranc.com\\\/ca\\\/contacte\\\/\"]}]},{\"@type\":\"ImageObject\",\"inLanguage\":\"ca\",\"@id\":\"https:\\\/\\\/biobarranc.com\\\/ca\\\/contacte\\\/#primaryimage\",\"url\":\"https:\\\/\\\/biobarranc.com\\\/wp-content\\\/uploads\\\/2024\\\/06\\\/PTR.png\",\"contentUrl\":\"https:\\\/\\\/biobarranc.com\\\/wp-content\\\/uploads\\\/2024\\\/06\\\/PTR.png\"},{\"@type\":\"BreadcrumbList\",\"@id\":\"https:\\\/\\\/biobarranc.com\\\/ca\\\/contacte\\\/#breadcrumb\",\"itemListElement\":[{\"@type\":\"ListItem\",\"position\":1,\"name\":\"Portada\",\"item\":\"https:\\\/\\\/biobarranc.com\\\/ca\\\/portada\\\/\"},{\"@type\":\"ListItem\",\"position\":2,\"name\":\"Contacte\"}]},{\"@type\":\"WebSite\",\"@id\":\"https:\\\/\\\/biobarranc.com\\\/ca\\\/#website\",\"url\":\"https:\\\/\\\/biobarranc.com\\\/ca\\\/\",\"name\":\"biobarranc.com\",\"description\":\"Fruta ecol\u00f3gica y saludable de Cala&#039;n Porter\",\"publisher\":{\"@id\":\"https:\\\/\\\/biobarranc.com\\\/ca\\\/#organization\"},\"potentialAction\":[{\"@type\":\"SearchAction\",\"target\":{\"@type\":\"EntryPoint\",\"urlTemplate\":\"https:\\\/\\\/biobarranc.com\\\/ca\\\/?s={search_term_string}\"},\"query-input\":{\"@type\":\"PropertyValueSpecification\",\"valueRequired\":true,\"valueName\":\"search_term_string\"}}],\"inLanguage\":\"ca\"},{\"@type\":\"Organization\",\"@id\":\"https:\\\/\\\/biobarranc.com\\\/ca\\\/#organization\",\"name\":\"biobarranc.com\",\"url\":\"https:\\\/\\\/biobarranc.com\\\/ca\\\/\",\"logo\":{\"@type\":\"ImageObject\",\"inLanguage\":\"ca\",\"@id\":\"https:\\\/\\\/biobarranc.com\\\/ca\\\/#\\\/schema\\\/logo\\\/image\\\/\",\"url\":\"https:\\\/\\\/biobarranc.com\\\/wp-content\\\/uploads\\\/2024\\\/06\\\/Biobarranc-logo-alaior.webp\",\"contentUrl\":\"https:\\\/\\\/biobarranc.com\\\/wp-content\\\/uploads\\\/2024\\\/06\\\/Biobarranc-logo-alaior.webp\",\"width\":960,\"height\":383,\"caption\":\"biobarranc.com\"},\"image\":{\"@id\":\"https:\\\/\\\/biobarranc.com\\\/ca\\\/#\\\/schema\\\/logo\\\/image\\\/\"}}]}<\/script>\n<!-- \/ Yoast SEO plugin. -->","yoast_head_json":{"title":"Contacte - biobarranc.com","robots":{"index":"index","follow":"follow","max-snippet":"max-snippet:-1","max-image-preview":"max-image-preview:large","max-video-preview":"max-video-preview:-1"},"canonical":"https:\/\/biobarranc.com\/ca\/contacte\/","og_locale":"ca_ES","og_type":"article","og_title":"Contacte - biobarranc.com","og_description":"Contacte https:\/\/biobarranc.com\/wp-content\/uploads\/2024\/06\/manzanas.mp4 info@biobarranc.com 628 906 343 PROGRAMA KIT DIGITAL COFINAN\u00c7AT PELS FONS NEXT GENERATION EU DEL MECANISME DE RECUPERACI\u00d3 I RESILI\u00c8NCIA Finan\u00e7at per la Uni\u00f3 Europea \u2013 NextGenerationEU","og_url":"https:\/\/biobarranc.com\/ca\/contacte\/","og_site_name":"biobarranc.com","article_modified_time":"2026-03-23T09:56:58+00:00","og_image":[{"width":200,"height":100,"url":"https:\/\/biobarranc.com\/wp-content\/uploads\/2024\/06\/PTR.png","type":"image\/png"}],"twitter_card":"summary_large_image","schema":{"@context":"https:\/\/schema.org","@graph":[{"@type":"WebPage","@id":"https:\/\/biobarranc.com\/ca\/contacte\/","url":"https:\/\/biobarranc.com\/ca\/contacte\/","name":"Contacte - biobarranc.com","isPartOf":{"@id":"https:\/\/biobarranc.com\/ca\/#website"},"primaryImageOfPage":{"@id":"https:\/\/biobarranc.com\/ca\/contacte\/#primaryimage"},"image":{"@id":"https:\/\/biobarranc.com\/ca\/contacte\/#primaryimage"},"thumbnailUrl":"https:\/\/biobarranc.com\/wp-content\/uploads\/2024\/06\/PTR.png","datePublished":"2024-06-12T08:13:36+00:00","dateModified":"2026-03-23T09:56:58+00:00","breadcrumb":{"@id":"https:\/\/biobarranc.com\/ca\/contacte\/#breadcrumb"},"inLanguage":"ca","potentialAction":[{"@type":"ReadAction","target":["https:\/\/biobarranc.com\/ca\/contacte\/"]}]},{"@type":"ImageObject","inLanguage":"ca","@id":"https:\/\/biobarranc.com\/ca\/contacte\/#primaryimage","url":"https:\/\/biobarranc.com\/wp-content\/uploads\/2024\/06\/PTR.png","contentUrl":"https:\/\/biobarranc.com\/wp-content\/uploads\/2024\/06\/PTR.png"},{"@type":"BreadcrumbList","@id":"https:\/\/biobarranc.com\/ca\/contacte\/#breadcrumb","itemListElement":[{"@type":"ListItem","position":1,"name":"Portada","item":"https:\/\/biobarranc.com\/ca\/portada\/"},{"@type":"ListItem","position":2,"name":"Contacte"}]},{"@type":"WebSite","@id":"https:\/\/biobarranc.com\/ca\/#website","url":"https:\/\/biobarranc.com\/ca\/","name":"biobarranc.com","description":"Fruta ecol\u00f3gica y saludable de Cala&#039;n Porter","publisher":{"@id":"https:\/\/biobarranc.com\/ca\/#organization"},"potentialAction":[{"@type":"SearchAction","target":{"@type":"EntryPoint","urlTemplate":"https:\/\/biobarranc.com\/ca\/?s={search_term_string}"},"query-input":{"@type":"PropertyValueSpecification","valueRequired":true,"valueName":"search_term_string"}}],"inLanguage":"ca"},{"@type":"Organization","@id":"https:\/\/biobarranc.com\/ca\/#organization","name":"biobarranc.com","url":"https:\/\/biobarranc.com\/ca\/","logo":{"@type":"ImageObject","inLanguage":"ca","@id":"https:\/\/biobarranc.com\/ca\/#\/schema\/logo\/image\/","url":"https:\/\/biobarranc.com\/wp-content\/uploads\/2024\/06\/Biobarranc-logo-alaior.webp","contentUrl":"https:\/\/biobarranc.com\/wp-content\/uploads\/2024\/06\/Biobarranc-logo-alaior.webp","width":960,"height":383,"caption":"biobarranc.com"},"image":{"@id":"https:\/\/biobarranc.com\/ca\/#\/schema\/logo\/image\/"}}]}},"_links":{"self":[{"href":"https:\/\/biobarranc.com\/ca\/wp-json\/wp\/v2\/pages\/616","targetHints":{"allow":["GET"]}}],"collection":[{"href":"https:\/\/biobarranc.com\/ca\/wp-json\/wp\/v2\/pages"}],"about":[{"href":"https:\/\/biobarranc.com\/ca\/wp-json\/wp\/v2\/types\/page"}],"author":[{"embeddable":true,"href":"https:\/\/biobarranc.com\/ca\/wp-json\/wp\/v2\/users\/1"}],"replies":[{"embeddable":true,"href":"https:\/\/biobarranc.com\/ca\/wp-json\/wp\/v2\/comments?post=616"}],"version-history":[{"count":1,"href":"https:\/\/biobarranc.com\/ca\/wp-json\/wp\/v2\/pages\/616\/revisions"}],"predecessor-version":[{"id":617,"href":"https:\/\/biobarranc.com\/ca\/wp-json\/wp\/v2\/pages\/616\/revisions\/617"}],"wp:attachment":[{"href":"https:\/\/biobarranc.com\/ca\/wp-json\/wp\/v2\/media?parent=616"}],"curies":[{"name":"wp","href":"https:\/\/api.w.org\/{rel}","templated":true}]}}